{"id":15,"date":"2023-10-23T14:22:41","date_gmt":"2023-10-23T12:22:41","guid":{"rendered":"http:\/\/latelier88.fr\/?page_id=15"},"modified":"2023-10-25T17:27:04","modified_gmt":"2023-10-25T15:27:04","slug":"about","status":"publish","type":"page","link":"https:\/\/latelier88.fr\/?page_id=15","title":{"rendered":"Votre h\u00e9bergement pour un moment de d\u00e9tente"},"content":{"rendered":"\n<h2 class=\"wp-block-heading has-large-font-size\" id=\"inspiro-is-a-digital-product-agency-that-focuses-on-strategy-and-design\" style=\"font-style:normal;font-weight:100\"><strong>Dans la long\u00e8re de 1860 <\/strong><\/h2>\n\n\n\n<div style=\"height:0px\" aria-hidden=\"true\" class=\"wp-block-spacer\"><\/div>\n\n\n\n<div class=\"wp-block-columns alignwide is-layout-flex wp-container-core-columns-is-layout-28f84493 wp-block-columns-is-layout-flex\">\n<div class=\"wp-block-column is-layout-flow wp-block-column-is-layout-flow\">\n<figure class=\"wp-block-image size-large\"><img fetchpriority=\"high\" decoding=\"async\" width=\"1024\" height=\"683\" src=\"https:\/\/latelier88.fr\/wp-content\/uploads\/2023\/10\/LAVIMG_3821-1024x683.jpg\" alt=\"\" class=\"wp-image-41\" srcset=\"https:\/\/latelier88.fr\/wp-content\/uploads\/2023\/10\/LAVIMG_3821-1024x683.jpg 1024w, https:\/\/latelier88.fr\/wp-content\/uploads\/2023\/10\/LAVIMG_3821-300x200.jpg 300w, https:\/\/latelier88.fr\/wp-content\/uploads\/2023\/10\/LAVIMG_3821-768x512.jpg 768w, https:\/\/latelier88.fr\/wp-content\/uploads\/2023\/10\/LAVIMG_3821-1536x1024.jpg 1536w, https:\/\/latelier88.fr\/wp-content\/uploads\/2023\/10\/LAVIMG_3821-2048x1365.jpg 2048w, https:\/\/latelier88.fr\/wp-content\/uploads\/2023\/10\/LAVIMG_3821-2000x1333.jpg 2000w\" sizes=\"(max-width: 1024px) 100vw, 1024px\" \/><\/figure>\n\n\n\n<p class=\"has-black-color has-text-color has-medium-font-size\">La chambre d&rsquo;h\u00f4tes<\/p>\n\n\n\n<p>Ind\u00e9pendance totale<\/p>\n\n\n\n<p>Le petit d\u00e9jeuner fait partie de la prestation et vous sera servi \u00e0 la table de Patrice, l\u2019h\u00f4te de ces lieux, qui vous accueille chez lui, \u00e0 deux pas, en toute convivialit\u00e9.<\/p>\n<\/div>\n\n\n\n<div class=\"wp-block-column is-layout-flow wp-block-column-is-layout-flow\">\n<figure class=\"wp-block-image size-large\"><img decoding=\"async\" width=\"1024\" height=\"683\" src=\"https:\/\/latelier88.fr\/wp-content\/uploads\/2023\/10\/IMG_4195-1024x683.jpg\" alt=\"\" class=\"wp-image-96\" srcset=\"https:\/\/latelier88.fr\/wp-content\/uploads\/2023\/10\/IMG_4195-1024x683.jpg 1024w, https:\/\/latelier88.fr\/wp-content\/uploads\/2023\/10\/IMG_4195-300x200.jpg 300w, https:\/\/latelier88.fr\/wp-content\/uploads\/2023\/10\/IMG_4195-768x512.jpg 768w, https:\/\/latelier88.fr\/wp-content\/uploads\/2023\/10\/IMG_4195-1536x1024.jpg 1536w, https:\/\/latelier88.fr\/wp-content\/uploads\/2023\/10\/IMG_4195-2048x1365.jpg 2048w, https:\/\/latelier88.fr\/wp-content\/uploads\/2023\/10\/IMG_4195-2000x1333.jpg 2000w\" sizes=\"(max-width: 1024px) 100vw, 1024px\" \/><\/figure>\n\n\n\n<p class=\"has-black-color has-text-color has-medium-font-size\">Le studio-g\u00eete<\/p>\n\n\n\n<p>Kitchenette am\u00e9nag\u00e9e avec vaisselles et coin lecture document\u00e9 tourisme.<\/p>\n\n\n\n<p>Coin repos ou sommeil avec lit 2 places en 140, couette houss\u00e9e. Une douche, lavabo avec linge de toilette et WC.<\/p>\n<\/div>\n\n\n\n<div class=\"wp-block-column is-layout-flow wp-block-column-is-layout-flow\">\n<figure class=\"wp-block-image size-full is-resized\"><img decoding=\"async\" width=\"640\" height=\"480\" src=\"https:\/\/latelier88.fr\/wp-content\/uploads\/2023\/10\/IMG_7564LV.jpg\" alt=\"\" class=\"wp-image-43\" style=\"aspect-ratio:1.3333333333333333;width:249px;height:auto\" srcset=\"https:\/\/latelier88.fr\/wp-content\/uploads\/2023\/10\/IMG_7564LV.jpg 640w, https:\/\/latelier88.fr\/wp-content\/uploads\/2023\/10\/IMG_7564LV-300x225.jpg 300w\" sizes=\"(max-width: 640px) 100vw, 640px\" \/><\/figure>\n\n\n\n<p class=\"has-black-color has-text-color has-medium-font-size\">Le jardin <\/p>\n\n\n\n<p>&nbsp;Vous pourrez profiter des ombrages d\u2019un jardin \u00e0 l\u2019anglaise que Patrice entretien avec passion raisonn\u00e9e.<\/p>\n\n\n\n<p>Une sorte d\u2019oxymore v\u00e9g\u00e9tal\u2026 sauvage mais disciplin\u00e9\u2026<\/p>\n<\/div>\n<\/div>\n\n\n\n<h3 class=\"wp-block-heading has-large-font-size\" id=\"inspiro-is-a-digital-product-agency-that-focuses-on-strategy-and-desig\" style=\"font-weight:300\">&#8230;<\/h3>\n\n\n\n<div style=\"height:0px\" aria-hidden=\"true\" class=\"wp-block-spacer\"><\/div>\n","protected":false},"excerpt":{"rendered":"<p>Dans la long\u00e8re de 1860 La chambre d&rsquo;h\u00f4tes Ind\u00e9pendance totale Le petit d\u00e9jeuner fait partie de la prestation et vous sera servi \u00e0 la table de Patrice, l\u2019h\u00f4te de ces lieux, qui vous accueille chez lui, \u00e0 deux pas, en toute convivialit\u00e9. Le studio-g\u00eete Kitchenette am\u00e9nag\u00e9e avec vaisselles et coin lecture document\u00e9 tourisme. Coin repos &hellip; <\/p>\n<p class=\"link-more\"><a href=\"https:\/\/latelier88.fr\/?page_id=15\" class=\"more-link\">Lire la suite de<span class=\"screen-reader-text\">\u00ab\u00a0Votre h\u00e9bergement pour un moment de d\u00e9tente\u00a0\u00bb<\/span><\/a><\/p>\n","protected":false},"author":1,"featured_media":0,"parent":0,"menu_order":0,"comment_status":"closed","ping_status":"closed","template":"","meta":{"inspiro_hide_title":false,"footnotes":""},"class_list":["post-15","page","type-page","status-publish","hentry"],"featured_media_urls":[],"_links":{"self":[{"href":"https:\/\/latelier88.fr\/index.php?rest_route=\/wp\/v2\/pages\/15","targetHints":{"allow":["GET"]}}],"collection":[{"href":"https:\/\/latelier88.fr\/index.php?rest_route=\/wp\/v2\/pages"}],"about":[{"href":"https:\/\/latelier88.fr\/index.php?rest_route=\/wp\/v2\/types\/page"}],"author":[{"embeddable":true,"href":"https:\/\/latelier88.fr\/index.php?rest_route=\/wp\/v2\/users\/1"}],"replies":[{"embeddable":true,"href":"https:\/\/latelier88.fr\/index.php?rest_route=%2Fwp%2Fv2%2Fcomments&post=15"}],"version-history":[{"count":11,"href":"https:\/\/latelier88.fr\/index.php?rest_route=\/wp\/v2\/pages\/15\/revisions"}],"predecessor-version":[{"id":98,"href":"https:\/\/latelier88.fr\/index.php?rest_route=\/wp\/v2\/pages\/15\/revisions\/98"}],"wp:attachment":[{"href":"https:\/\/latelier88.fr\/index.php?rest_route=%2Fwp%2Fv2%2Fmedia&parent=15"}],"curies":[{"name":"wp","href":"https:\/\/api.w.org\/{rel}","templated":true}]}}