{"id":14,"date":"2023-10-23T14:22:41","date_gmt":"2023-10-23T12:22:41","guid":{"rendered":"http:\/\/latelier88.fr\/?page_id=14"},"modified":"2023-10-25T17:51:59","modified_gmt":"2023-10-25T15:51:59","slug":"beaux-portfolios-pour-des-creatifs-exceptionnels","status":"publish","type":"page","link":"https:\/\/latelier88.fr\/","title":{"rendered":"L\u2019histoire de latelier88"},"content":{"rendered":"\n<p><strong>Votre h\u00e9bergement pour un moment de d\u00e9tente<\/strong><\/p>\n\n\n\n<p>Pr\u00e8s du canal de La Martini\u00e8re, juste entre Nantes et Pornic, \u00e0 la crois\u00e9e du circuit de la Loire \u00e0 v\u00e9lo et de la v\u00e9lodyss\u00e9e ainsi que des nombreux autres parcours cyclistes de la Loire Atlantique, Latelier88 vous propose une chambre d\u2019h\u00f4tes et un studio-g\u00eete sur la commune de Rouans en Pays de Retz. Ouvert pour vos randonn\u00e9es, vos vacances ou week-end de d\u00e9tente, non loin de la mer au calme \u00e0 la campagne toute l&nbsp;\u2018ann\u00e9e. Patrice, votre h\u00f4te, artiste peintre et amoureux des fleurs, saura vous y accueillir simplement, en toute convivialit\u00e9, dans son havre de paix.<\/p>\n\n\n\n<div style=\"height:55px\" aria-hidden=\"true\" class=\"wp-block-spacer\"><\/div>\n\n\n\n<div class=\"wp-block-group alignfull has-background is-layout-flow wp-block-group-is-layout-flow\" style=\"background-color:#e5e9ec\">\n<div class=\"wp-block-columns is-layout-flex wp-container-core-columns-is-layout-28f84493 wp-block-columns-is-layout-flex\">\n<div class=\"wp-block-column is-vertically-aligned-center is-layout-flow wp-block-column-is-layout-flow\">\n<h2 class=\"wp-block-heading has-large-font-size\">La chambre d&rsquo;h\u00f4tes<\/h2>\n\n\n\n<p>Pour une ou plusieurs nuits<\/p>\n\n\n\n<p><strong>Totalement ind\u00e9pendante de l\u2019habitat principal.<\/strong><strong><\/strong><\/p>\n\n\n\n<p>Une petite cour permet de garer son v\u00e9hicule en toute s\u00e9curit\u00e9.<\/p>\n\n\n\n<p>Pour les voyageurs \u00e0 v\u00e9los un garage pour les abriter le temps de votre arr\u00eat.<\/p>\n\n\n\n<p>Une chambre de caract\u00e8re am\u00e9nag\u00e9e dans l\u2019ancienne petite \u00e9table.<\/p>\n\n\n\n<p>Un lit double \u00e0 l\u2019ancienne de 130 avec couette, un coin douche, lavabo et WC communiquant avec linge de toilette.<\/p>\n\n\n\n<p><\/p>\n\n\n\n<p><strong>Le petit d\u00e9jeuner fait partie de la prestation<\/strong> et vous sera servi \u00e0 la table de Patrice, l\u2019h\u00f4te de ces lieux, qui vous accueille chez lui, \u00e0 deux pas, en toute convivialit\u00e9.<\/p>\n<\/div>\n\n\n\n<div class=\"wp-block-column is-layout-flow wp-block-column-is-layout-flow\">\n<div style=\"height:48px\" aria-hidden=\"true\" class=\"wp-block-spacer\"><\/div>\n\n\n\n<figure class=\"wp-block-image size-large is-resized\"><img fetchpriority=\"high\" decoding=\"async\" width=\"768\" height=\"1024\" src=\"https:\/\/latelier88.fr\/wp-content\/uploads\/2023\/10\/IMG_8301-768x1024.jpg\" alt=\"\" class=\"wp-image-49\" style=\"aspect-ratio:0.75;width:405px;height:auto\" srcset=\"https:\/\/latelier88.fr\/wp-content\/uploads\/2023\/10\/IMG_8301-768x1024.jpg 768w, https:\/\/latelier88.fr\/wp-content\/uploads\/2023\/10\/IMG_8301-225x300.jpg 225w, https:\/\/latelier88.fr\/wp-content\/uploads\/2023\/10\/IMG_8301-1152x1536.jpg 1152w, https:\/\/latelier88.fr\/wp-content\/uploads\/2023\/10\/IMG_8301-1536x2048.jpg 1536w, https:\/\/latelier88.fr\/wp-content\/uploads\/2023\/10\/IMG_8301.jpg 1704w\" sizes=\"(max-width: 768px) 100vw, 768px\" \/><\/figure>\n<\/div>\n<\/div>\n\n\n\n<figure class=\"wp-block-image size-large is-resized\"><img decoding=\"async\" width=\"1024\" height=\"683\" src=\"https:\/\/latelier88.fr\/wp-content\/uploads\/2023\/10\/LAVIMG_3821-1024x683.jpg\" alt=\"\" class=\"wp-image-41\" style=\"aspect-ratio:1.499267935578331;width:841px;height:auto\" srcset=\"https:\/\/latelier88.fr\/wp-content\/uploads\/2023\/10\/LAVIMG_3821-1024x683.jpg 1024w, https:\/\/latelier88.fr\/wp-content\/uploads\/2023\/10\/LAVIMG_3821-300x200.jpg 300w, https:\/\/latelier88.fr\/wp-content\/uploads\/2023\/10\/LAVIMG_3821-768x512.jpg 768w, https:\/\/latelier88.fr\/wp-content\/uploads\/2023\/10\/LAVIMG_3821-1536x1024.jpg 1536w, https:\/\/latelier88.fr\/wp-content\/uploads\/2023\/10\/LAVIMG_3821-2048x1365.jpg 2048w, https:\/\/latelier88.fr\/wp-content\/uploads\/2023\/10\/LAVIMG_3821-2000x1333.jpg 2000w\" sizes=\"(max-width: 1024px) 100vw, 1024px\" \/><\/figure>\n\n\n\n<figure class=\"wp-block-image size-large is-resized\"><img decoding=\"async\" width=\"1024\" height=\"683\" src=\"https:\/\/latelier88.fr\/wp-content\/uploads\/2023\/10\/LAVIMG_3824-1024x683.jpg\" alt=\"\" class=\"wp-image-79\" style=\"aspect-ratio:1.499267935578331;width:840px;height:auto\" srcset=\"https:\/\/latelier88.fr\/wp-content\/uploads\/2023\/10\/LAVIMG_3824-1024x683.jpg 1024w, https:\/\/latelier88.fr\/wp-content\/uploads\/2023\/10\/LAVIMG_3824-300x200.jpg 300w, https:\/\/latelier88.fr\/wp-content\/uploads\/2023\/10\/LAVIMG_3824-768x512.jpg 768w, https:\/\/latelier88.fr\/wp-content\/uploads\/2023\/10\/LAVIMG_3824-1536x1024.jpg 1536w, https:\/\/latelier88.fr\/wp-content\/uploads\/2023\/10\/LAVIMG_3824-2048x1365.jpg 2048w, https:\/\/latelier88.fr\/wp-content\/uploads\/2023\/10\/LAVIMG_3824-2000x1333.jpg 2000w\" sizes=\"(max-width: 1024px) 100vw, 1024px\" \/><\/figure>\n<\/div>\n\n\n\n<div class=\"wp-block-group alignfull is-layout-flow wp-block-group-is-layout-flow\">\n<div class=\"wp-block-columns is-layout-flex wp-container-core-columns-is-layout-28f84493 wp-block-columns-is-layout-flex\">\n<div class=\"wp-block-column is-layout-flow wp-block-column-is-layout-flow\">\n<figure class=\"wp-block-image alignwide size-large\"><img loading=\"lazy\" decoding=\"async\" width=\"1024\" height=\"768\" src=\"https:\/\/latelier88.fr\/wp-content\/uploads\/2023\/10\/IMG_7567-1024x768.jpg\" alt=\"\" class=\"wp-image-86\" srcset=\"https:\/\/latelier88.fr\/wp-content\/uploads\/2023\/10\/IMG_7567-1024x768.jpg 1024w, https:\/\/latelier88.fr\/wp-content\/uploads\/2023\/10\/IMG_7567-300x225.jpg 300w, https:\/\/latelier88.fr\/wp-content\/uploads\/2023\/10\/IMG_7567-768x576.jpg 768w, https:\/\/latelier88.fr\/wp-content\/uploads\/2023\/10\/IMG_7567-1536x1152.jpg 1536w, https:\/\/latelier88.fr\/wp-content\/uploads\/2023\/10\/IMG_7567.jpg 1600w\" sizes=\"(max-width: 1024px) 100vw, 1024px\" \/><\/figure>\n<\/div>\n\n\n\n<div class=\"wp-block-column is-vertically-aligned-center is-layout-flow wp-block-column-is-layout-flow\">\n<p class=\"has-large-font-size\"><strong>Le studio-g\u00eete<\/strong><\/p>\n\n\n\n<p>Pour les p\u00e9riodes de vacances, pour plusieurs jours ou \u00e0 la semaine.<\/p>\n\n\n\n<p>Vous pourrez venir profiter du calme de la campagne, \u00e0 mi-chemin entre Nantes et la campagne, dans un studio ind\u00e9pendant et profiter des ombrages d\u2019un jardin \u00e0 l\u2019anglaise que Patrice entretien avec passion raisonn\u00e9e.<\/p>\n<\/div>\n<\/div>\n<\/div>\n\n\n\n<figure class=\"wp-block-image size-large\"><img loading=\"lazy\" decoding=\"async\" width=\"1024\" height=\"683\" src=\"https:\/\/latelier88.fr\/wp-content\/uploads\/2023\/10\/IMG_4044-1-1024x683.jpg\" alt=\"\" class=\"wp-image-80\" srcset=\"https:\/\/latelier88.fr\/wp-content\/uploads\/2023\/10\/IMG_4044-1-1024x683.jpg 1024w, https:\/\/latelier88.fr\/wp-content\/uploads\/2023\/10\/IMG_4044-1-300x200.jpg 300w, https:\/\/latelier88.fr\/wp-content\/uploads\/2023\/10\/IMG_4044-1-768x512.jpg 768w, https:\/\/latelier88.fr\/wp-content\/uploads\/2023\/10\/IMG_4044-1-1536x1024.jpg 1536w, https:\/\/latelier88.fr\/wp-content\/uploads\/2023\/10\/IMG_4044-1-2048x1365.jpg 2048w, https:\/\/latelier88.fr\/wp-content\/uploads\/2023\/10\/IMG_4044-1-2000x1333.jpg 2000w\" sizes=\"(max-width: 1024px) 100vw, 1024px\" \/><\/figure>\n\n\n\n<figure class=\"wp-block-image size-large\"><img loading=\"lazy\" decoding=\"async\" width=\"1024\" height=\"683\" src=\"https:\/\/latelier88.fr\/wp-content\/uploads\/2023\/10\/IMG_4183-1024x683.jpg\" alt=\"\" class=\"wp-image-85\" srcset=\"https:\/\/latelier88.fr\/wp-content\/uploads\/2023\/10\/IMG_4183-1024x683.jpg 1024w, https:\/\/latelier88.fr\/wp-content\/uploads\/2023\/10\/IMG_4183-300x200.jpg 300w, https:\/\/latelier88.fr\/wp-content\/uploads\/2023\/10\/IMG_4183-768x512.jpg 768w, https:\/\/latelier88.fr\/wp-content\/uploads\/2023\/10\/IMG_4183-1536x1024.jpg 1536w, https:\/\/latelier88.fr\/wp-content\/uploads\/2023\/10\/IMG_4183-2048x1365.jpg 2048w, https:\/\/latelier88.fr\/wp-content\/uploads\/2023\/10\/IMG_4183-2000x1333.jpg 2000w\" sizes=\"(max-width: 1024px) 100vw, 1024px\" \/><\/figure>\n\n\n\n<div class=\"wp-block-group alignfull has-black-background-color has-background is-layout-flow wp-block-group-is-layout-flow\">\n<h2 class=\"wp-block-heading has-text-align-center has-white-color has-text-color\">Galerie<\/h2>\n\n\n\n<figure class=\"wp-block-gallery aligncenter has-nested-images columns-default is-cropped wp-block-gallery-1 is-layout-flex wp-block-gallery-is-layout-flex\">\n<figure class=\"wp-block-image size-large\"><img loading=\"lazy\" decoding=\"async\" width=\"1024\" height=\"683\" data-id=\"30\" src=\"https:\/\/latelier88.fr\/wp-content\/uploads\/2023\/10\/IMG_9708-1024x683.jpg\" alt=\"\" class=\"wp-image-30\" srcset=\"https:\/\/latelier88.fr\/wp-content\/uploads\/2023\/10\/IMG_9708-1024x683.jpg 1024w, https:\/\/latelier88.fr\/wp-content\/uploads\/2023\/10\/IMG_9708-300x200.jpg 300w, https:\/\/latelier88.fr\/wp-content\/uploads\/2023\/10\/IMG_9708-768x512.jpg 768w, https:\/\/latelier88.fr\/wp-content\/uploads\/2023\/10\/IMG_9708-1536x1024.jpg 1536w, https:\/\/latelier88.fr\/wp-content\/uploads\/2023\/10\/IMG_9708-2048x1365.jpg 2048w, https:\/\/latelier88.fr\/wp-content\/uploads\/2023\/10\/IMG_9708-2000x1333.jpg 2000w\" sizes=\"(max-width: 1024px) 100vw, 1024px\" \/><\/figure>\n\n\n\n<figure class=\"wp-block-image size-large\"><img loading=\"lazy\" decoding=\"async\" width=\"1024\" height=\"576\" data-id=\"54\" src=\"https:\/\/latelier88.fr\/wp-content\/uploads\/2023\/10\/20190605_111229-1024x576.jpg\" alt=\"\" class=\"wp-image-54\" srcset=\"https:\/\/latelier88.fr\/wp-content\/uploads\/2023\/10\/20190605_111229-1024x576.jpg 1024w, https:\/\/latelier88.fr\/wp-content\/uploads\/2023\/10\/20190605_111229-300x169.jpg 300w, https:\/\/latelier88.fr\/wp-content\/uploads\/2023\/10\/20190605_111229-768x432.jpg 768w, https:\/\/latelier88.fr\/wp-content\/uploads\/2023\/10\/20190605_111229-1536x864.jpg 1536w, https:\/\/latelier88.fr\/wp-content\/uploads\/2023\/10\/20190605_111229-2048x1152.jpg 2048w, https:\/\/latelier88.fr\/wp-content\/uploads\/2023\/10\/20190605_111229-2000x1125.jpg 2000w\" sizes=\"(max-width: 1024px) 100vw, 1024px\" \/><\/figure>\n\n\n\n<figure class=\"wp-block-image size-large\"><img loading=\"lazy\" decoding=\"async\" width=\"1024\" height=\"576\" data-id=\"57\" src=\"https:\/\/latelier88.fr\/wp-content\/uploads\/2023\/10\/20210610_221031-1024x576.jpg\" alt=\"\" class=\"wp-image-57\" srcset=\"https:\/\/latelier88.fr\/wp-content\/uploads\/2023\/10\/20210610_221031-1024x576.jpg 1024w, https:\/\/latelier88.fr\/wp-content\/uploads\/2023\/10\/20210610_221031-300x169.jpg 300w, https:\/\/latelier88.fr\/wp-content\/uploads\/2023\/10\/20210610_221031-768x432.jpg 768w, https:\/\/latelier88.fr\/wp-content\/uploads\/2023\/10\/20210610_221031-1536x864.jpg 1536w, https:\/\/latelier88.fr\/wp-content\/uploads\/2023\/10\/20210610_221031-2048x1152.jpg 2048w, https:\/\/latelier88.fr\/wp-content\/uploads\/2023\/10\/20210610_221031-2000x1125.jpg 2000w\" sizes=\"(max-width: 1024px) 100vw, 1024px\" \/><\/figure>\n\n\n\n<figure class=\"wp-block-image size-full\"><img loading=\"lazy\" decoding=\"async\" width=\"912\" height=\"608\" data-id=\"29\" src=\"https:\/\/latelier88.fr\/wp-content\/uploads\/2023\/10\/IMG_9196T.jpg\" alt=\"\" class=\"wp-image-29\" srcset=\"https:\/\/latelier88.fr\/wp-content\/uploads\/2023\/10\/IMG_9196T.jpg 912w, https:\/\/latelier88.fr\/wp-content\/uploads\/2023\/10\/IMG_9196T-300x200.jpg 300w, https:\/\/latelier88.fr\/wp-content\/uploads\/2023\/10\/IMG_9196T-768x512.jpg 768w\" sizes=\"(max-width: 912px) 100vw, 912px\" \/><\/figure>\n\n\n\n<figure class=\"wp-block-image size-large\"><img loading=\"lazy\" decoding=\"async\" width=\"1024\" height=\"683\" data-id=\"58\" src=\"https:\/\/latelier88.fr\/wp-content\/uploads\/2023\/10\/IMG_8850-1024x683.jpg\" alt=\"\" class=\"wp-image-58\" srcset=\"https:\/\/latelier88.fr\/wp-content\/uploads\/2023\/10\/IMG_8850-1024x683.jpg 1024w, https:\/\/latelier88.fr\/wp-content\/uploads\/2023\/10\/IMG_8850-300x200.jpg 300w, https:\/\/latelier88.fr\/wp-content\/uploads\/2023\/10\/IMG_8850-768x512.jpg 768w, https:\/\/latelier88.fr\/wp-content\/uploads\/2023\/10\/IMG_8850-1536x1024.jpg 1536w, https:\/\/latelier88.fr\/wp-content\/uploads\/2023\/10\/IMG_8850-2048x1365.jpg 2048w, https:\/\/latelier88.fr\/wp-content\/uploads\/2023\/10\/IMG_8850-2000x1333.jpg 2000w\" sizes=\"(max-width: 1024px) 100vw, 1024px\" \/><\/figure>\n\n\n\n<figure class=\"wp-block-image size-large\"><img loading=\"lazy\" decoding=\"async\" width=\"1024\" height=\"576\" data-id=\"55\" src=\"https:\/\/latelier88.fr\/wp-content\/uploads\/2023\/10\/20210323_084649-1024x576.jpg\" alt=\"\" class=\"wp-image-55\" srcset=\"https:\/\/latelier88.fr\/wp-content\/uploads\/2023\/10\/20210323_084649-1024x576.jpg 1024w, https:\/\/latelier88.fr\/wp-content\/uploads\/2023\/10\/20210323_084649-300x169.jpg 300w, https:\/\/latelier88.fr\/wp-content\/uploads\/2023\/10\/20210323_084649-768x432.jpg 768w, https:\/\/latelier88.fr\/wp-content\/uploads\/2023\/10\/20210323_084649-1536x864.jpg 1536w, https:\/\/latelier88.fr\/wp-content\/uploads\/2023\/10\/20210323_084649-2048x1152.jpg 2048w, https:\/\/latelier88.fr\/wp-content\/uploads\/2023\/10\/20210323_084649-2000x1125.jpg 2000w\" sizes=\"(max-width: 1024px) 100vw, 1024px\" \/><\/figure>\n\n\n\n<figure class=\"wp-block-image size-large\"><img loading=\"lazy\" decoding=\"async\" width=\"1024\" height=\"683\" data-id=\"59\" src=\"https:\/\/latelier88.fr\/wp-content\/uploads\/2023\/10\/IMG_9737-1024x683.jpg\" alt=\"\" class=\"wp-image-59\" srcset=\"https:\/\/latelier88.fr\/wp-content\/uploads\/2023\/10\/IMG_9737-1024x683.jpg 1024w, https:\/\/latelier88.fr\/wp-content\/uploads\/2023\/10\/IMG_9737-300x200.jpg 300w, https:\/\/latelier88.fr\/wp-content\/uploads\/2023\/10\/IMG_9737-768x512.jpg 768w, https:\/\/latelier88.fr\/wp-content\/uploads\/2023\/10\/IMG_9737-1536x1024.jpg 1536w, https:\/\/latelier88.fr\/wp-content\/uploads\/2023\/10\/IMG_9737-2048x1365.jpg 2048w, https:\/\/latelier88.fr\/wp-content\/uploads\/2023\/10\/IMG_9737-2000x1333.jpg 2000w\" sizes=\"(max-width: 1024px) 100vw, 1024px\" \/><\/figure>\n<\/figure>\n<\/div>\n\n\n\n<div class=\"wp-block-cover alignfull is-light has-parallax is-position-center-center\" style=\"min-height:848px;aspect-ratio:unset;\"><span aria-hidden=\"true\" class=\"wp-block-cover__background has-black-background-color has-background-dim-40 has-background-dim\"><\/span><div role=\"img\" class=\"wp-block-cover__image-background wp-image-61 has-parallax\" style=\"background-position:50% 50%;background-image:url(https:\/\/latelier88.fr\/wp-content\/uploads\/2023\/10\/ballade-Estuaire-ete-07-043.jpg)\"><\/div><div class=\"wp-block-cover__inner-container is-layout-flow wp-block-cover-is-layout-flow\">\n<p class=\"has-text-align-center has-text-color\" style=\"color:#fffffa;font-size:clamp(21.536px, 1.346rem + ((1vw - 3.2px) * 1.192), 35px);line-height:1.1\">Juste entre Nantes et Pornic<\/p>\n\n\n\n<p class=\"has-white-color has-text-color\" style=\"color:#fffffa;font-size:clamp(17.371px, 1.086rem + ((1vw - 3.2px) * 0.852), 27px);line-height:1.1\">Aux alentours<\/p>\n\n\n\n<p class=\"has-white-color has-text-color\">Le gardien du jardin, vous accompagnera vers l\u2019atelier de votre h\u00f4te, accessoirement l\u2019artiste.<\/p>\n\n\n\n<p class=\"has-white-color has-text-color\">Vous pouvez d\u00e9couvrir les environs \u00e0 pieds ou \u00e0 v\u00e9lo avec la tour de Buzay, le canal de la Martini\u00e8re,<\/p>\n\n\n\n<p class=\"has-white-color has-text-color\">Nantes et son patrimoine historique et artistique, Pornic et son port\u2026 et plus loin au nord Saint Nazaire, Gu\u00e9rande&nbsp; et au Sud Les Moutiers, Noirmoutier\u2026.<\/p>\n\n\n\n<div class=\"wp-block-buttons is-horizontal is-content-justification-center is-layout-flex wp-container-core-buttons-is-layout-03627597 wp-block-buttons-is-layout-flex\">\n<div class=\"wp-block-button is-style-outline is-style-outline--2\"><a class=\"wp-block-button__link has-white-color has-text-color wp-element-button\" href=\"#latelier88\">latelier88@orange.fr<\/a><\/div>\n<\/div>\n<\/div><\/div>\n","protected":false},"excerpt":{"rendered":"<p>Votre h\u00e9bergement pour un moment de d\u00e9tente Pr\u00e8s du canal de La Martini\u00e8re, juste entre Nantes et Pornic, \u00e0 la crois\u00e9e du circuit de la Loire \u00e0 v\u00e9lo et de la v\u00e9lodyss\u00e9e ainsi que des nombreux autres parcours cyclistes de la Loire Atlantique, Latelier88 vous propose une chambre d\u2019h\u00f4tes et un studio-g\u00eete sur la commune &hellip; <\/p>\n<p class=\"link-more\"><a href=\"https:\/\/latelier88.fr\/\" class=\"more-link\">Lire la suite de<span class=\"screen-reader-text\">\u00ab\u00a0L\u2019histoire de latelier88\u00a0\u00bb<\/span><\/a><\/p>\n","protected":false},"author":1,"featured_media":0,"parent":0,"menu_order":0,"comment_status":"closed","ping_status":"closed","template":"","meta":{"inspiro_hide_title":false,"footnotes":""},"class_list":["post-14","page","type-page","status-publish","hentry"],"featured_media_urls":[],"_links":{"self":[{"href":"https:\/\/latelier88.fr\/index.php?rest_route=\/wp\/v2\/pages\/14","targetHints":{"allow":["GET"]}}],"collection":[{"href":"https:\/\/latelier88.fr\/index.php?rest_route=\/wp\/v2\/pages"}],"about":[{"href":"https:\/\/latelier88.fr\/index.php?rest_route=\/wp\/v2\/types\/page"}],"author":[{"embeddable":true,"href":"https:\/\/latelier88.fr\/index.php?rest_route=\/wp\/v2\/users\/1"}],"replies":[{"embeddable":true,"href":"https:\/\/latelier88.fr\/index.php?rest_route=%2Fwp%2Fv2%2Fcomments&post=14"}],"version-history":[{"count":16,"href":"https:\/\/latelier88.fr\/index.php?rest_route=\/wp\/v2\/pages\/14\/revisions"}],"predecessor-version":[{"id":106,"href":"https:\/\/latelier88.fr\/index.php?rest_route=\/wp\/v2\/pages\/14\/revisions\/106"}],"wp:attachment":[{"href":"https:\/\/latelier88.fr\/index.php?rest_route=%2Fwp%2Fv2%2Fmedia&parent=14"}],"curies":[{"name":"wp","href":"https:\/\/api.w.org\/{rel}","templated":true}]}}